{"id":3,"date":"2024-02-12T15:24:56","date_gmt":"2024-02-12T15:24:56","guid":{"rendered":"https:\/\/hidrozalajs.apgut.lv\/?page_id=3"},"modified":"2025-12-20T22:03:31","modified_gmt":"2025-12-20T20:03:31","slug":"privacy-policy","status":"publish","type":"page","link":"https:\/\/hidrozalajs.lv\/en\/privacy-policy\/","title":{"rendered":"Privacy Policy"},"content":{"rendered":"<main class=\"wp-block-group is-layout-flow wp-block-group-is-layout-flow\" style=\"margin-top:0px;margin-bottom:0px\">\n<div class=\"wp-block-cover is-light\" style=\"min-height:300px;aspect-ratio:unset;\"><span aria-hidden=\"true\" class=\"wp-block-cover__background has-background-dim\"><\/span><div class=\"wp-block-cover__inner-container is-layout-flow wp-block-cover-is-layout-flow\">\n<div class=\"wp-block-group has-global-padding is-layout-constrained wp-block-group-is-layout-constrained\">\n<div class=\"wp-block-group alignwide is-layout-flow wp-block-group-is-layout-flow\">\n<h1 class=\"wp-block-heading has-white-color has-text-color\" id=\"h-privatuma-politika\" style=\"font-size:42px;letter-spacing:1px;text-transform:uppercase\">Privacy Policy<\/h1>\n<\/div>\n<\/div>\n<\/div><\/div>\n<\/main>\n\n\n\n<div class=\"wp-block-group has-global-padding is-layout-constrained wp-container-core-group-is-layout-8e95807f wp-block-group-is-layout-constrained\" style=\"padding-top:var(--wp--preset--spacing--50);padding-right:var(--wp--preset--spacing--30);padding-bottom:var(--wp--preset--spacing--50);padding-left:var(--wp--preset--spacing--30)\">\n<h2 class=\"wp-block-heading\" id=\"h-kas-mes-esam\">Who we are<\/h2>\n\n\n\n<p>Our website address is: https:\/\/hidrozalajs.lv.<\/p>\n\n\n\n<h2 class=\"wp-block-heading\" id=\"h-komentari\">Comments<\/h2>\n\n\n\n<p>When visitors leave comments on the site, we collect the data displayed in the Comments form, as well as the visitor's IP address and browser user agent string, to help detect spam.<\/p>\n\n\n\n<p>An anonymised string created from your email address (also called a hash) may be provided to the Gravatar service to see if you are using it.\u00a0The Gravatar service privacy policy is available here: https:\/\/automattic.com\/privacy\/. After your comment is approved, your profile picture is visible to the public in the context of your comment.<\/p>\n\n\n\n<h2 class=\"wp-block-heading\" id=\"h-media-faili\">Media files<\/h2>\n\n\n\n<p>When uploading images to a website, avoid uploading images with embedded location data (EXIF GPS). Visitors to the website can download and extract any location data from the images on the website.<\/p>\n\n\n\n<h2 class=\"wp-block-heading\" id=\"h-sikdatnes\">Cookies<\/h2>\n\n\n\n<p>If you leave a comment on our site, you can opt out of having your name, email address and website stored in cookies. These are for your convenience so that you do not have to fill in the details again when you leave another comment. These cookies will last for one year.<\/p>\n\n\n\n<p>If you visit our login page, we will set a temporary cookie to determine whether your browser accepts cookies. This cookie contains no personal data and is discarded when you close your browser.<\/p>\n\n\n\n<p>When you log in, we will also set a number of cookies to store your login information and screen display preferences. The login cookies last for two days and the display options cookies last for a year. If you select \"remember me\", the login will continue for two weeks. If you cancel your account, the login cookies will be removed.<\/p>\n\n\n\n<p>If you edit or publish an article, an additional cookie will be stored in your browser. This cookie does not contain personal data and simply indicates the mail ID of the article you have just edited. It expires after 1 day.<\/p>\n\n\n\n<h2 class=\"wp-block-heading\" id=\"h-ievietotajs-embedded-saturs-no-citam-vietnem\">Embedded content from other sites<\/h2>\n\n\n\n<p>Articles on this website may contain embedded content (e.g. videos, images, articles, etc.). Embedded content from other websites works in the same way as if the visitor had visited the other website.<\/p>\n\n\n\n<p>These websites may collect data about you, use cookies, embed additional third party tracking and monitor your interactions with embedded content, including tracking your interactions with embedded content if you have an account and are logged in to this website.<\/p>\n\n\n\n<h2 class=\"wp-block-heading\" id=\"h-ar-ko-mes-varam-dalities-ar-jusu-datiem\">Who we may share your data with<\/h2>\n\n\n\n<p>If you request a password reset, your IP address will be included in the reset email.<\/p>\n\n\n\n<h2 class=\"wp-block-heading\" id=\"h-cik-ilgi-mes-glabajam-jusu-datus\">How long we keep your data<\/h2>\n\n\n\n<p>If you leave a comment, the comment and its metadata are stored indefinitely. This is so that we can automatically recognise and approve follower comments instead of keeping them in a moderation queue.<\/p>\n\n\n\n<p>For users who register on our website (if any), we also retain the personal information they provide in their user profile.\u00a0All users can view, edit or delete their personal information at any time (except that they cannot change their username). This information can also be viewed and edited by website administrators.<\/p>\n\n\n\n<h2 class=\"wp-block-heading\" id=\"h-kadas-tiesibas-jums-it-sakara-ar-jusu-datiem\">What rights do you have in relation to your data?<\/h2>\n\n\n\n<p>If you have an account on this site or have left comments, you can request to receive an exported file of the personal data we hold about you, including any data you have provided to us.\u00a0You can also request that we erase any personal data we hold about you. This does not include any data we are obliged to keep for administrative, legal, or security purposes.<\/p>\n\n\n\n<h2 class=\"wp-block-heading\" id=\"h-kur-jusu-dati-tiek-sutiti\">Where your data is sent<\/h2>\n\n\n\n<p>Visitor comments can be checked using an automated spam detection service.<\/p>\n\n\n\n<div style=\"height:50px\" aria-hidden=\"true\" class=\"wp-block-spacer\"><\/div>\n<\/div>","protected":false},"excerpt":{"rendered":"<p>Kas m\u0113s esam M\u016bsu vietnes aderese ir: https:\/\/hidrozalajs.lv. Koment\u0101ri Kad apmekl\u0113t\u0101ji vietn\u0113 atst\u0101j koment\u0101rus, m\u0113s apkopojam form\u0101 Koment\u0101ri par\u0101d\u012btos datus, k\u0101 ar\u012b apmekl\u0113t\u0101ja IP adresi un p\u0101rl\u016bkprogrammas lietot\u0101ja a\u0123enta virkni, lai pal\u012bdz\u0113tu noteikt surog\u0101tpastu. Gravatar&nbsp;pakalpojumam&nbsp;var&nbsp;tikt&nbsp;nodro\u0161in\u0101ta&nbsp;anonimiz\u0113ta&nbsp;virkne,&nbsp;kas&nbsp;izveidota&nbsp;no&nbsp;j\u016bsu&nbsp;e-pasta&nbsp;adreses&nbsp;(saukta&nbsp;ar\u012b&nbsp;par&nbsp;jauk\u0161anu),&nbsp;lai&nbsp;p\u0101rbaud\u012btu,&nbsp;vai&nbsp;to&nbsp;izmantojat.&nbsp;Gravatar&nbsp;pakalpojumu&nbsp;konfidencialit\u0101tes&nbsp;politika&nbsp;ir&nbsp;pieejama&nbsp;\u0161eit:&nbsp;https:\/\/automattic.com\/privacy\/.&nbsp;P\u0113c&nbsp;koment\u0101ra&nbsp;apstiprin\u0101\u0161anas&nbsp;j\u016bsu&nbsp;profila&nbsp;att\u0113ls&nbsp;ir&nbsp;redzams&nbsp;sabiedr\u012bbai&nbsp;koment\u0101ra&nbsp;kontekst\u0101. Media faili Aug\u0161upiel\u0101d\u0113jot att\u0113lus t\u012bmek\u013ca vietn\u0113, j\u0101izvair\u0101s aug\u0161upiel\u0101d\u0113t att\u0113lus ar iegultiem atra\u0161an\u0101s vietas datiem (EXIF GPS). T\u012bmek\u013ca vietnes apmekl\u0113t\u0101ji var [&hellip;]<\/p>\n","protected":false},"author":1,"featured_media":524,"parent":0,"menu_order":0,"comment_status":"closed","ping_status":"open","template":"","meta":{"footnotes":""},"class_list":["post-3","page","type-page","status-publish","has-post-thumbnail","hentry"],"yoast_head":"<!-- This site is optimized with the Yoast SEO Premium plugin v27.4 (Yoast SEO v27.4) - https:\/\/yoast.com\/product\/yoast-seo-premium-wordpress\/ -->\n<title>Priv\u0101tuma politika m\u016bsu vietn\u0113 - Apza\u013cumo\u0161anas pakalpojumi<\/title>\n<meta name=\"description\" content=\"Iepaz\u012bstieties ar m\u016bsu Priv\u0101tuma politika un uzziniet, k\u0101 m\u0113s apstr\u0101d\u0101jam datus un aizsarg\u0101jam J\u016bsu priv\u0101tumu.\" \/>\n<meta name=\"robots\" content=\"index, follow, max-snippet:-1, max-image-preview:large, max-video-preview:-1\" \/>\n<link rel=\"canonical\" href=\"https:\/\/hidrozalajs.lv\/en\/privacy-policy\/\" \/>\n<meta property=\"og:locale\" content=\"en_GB\" \/>\n<meta property=\"og:type\" content=\"article\" \/>\n<meta property=\"og:title\" content=\"Priv\u0101tuma politika\" \/>\n<meta property=\"og:description\" content=\"M\u0113s ra\u017eojam hidros\u0113jas materi\u0101lus un hidros\u0113jas iek\u0101rtas, k\u0101 ar\u012b sniedzam ainavu veido\u0161anas un hidros\u0113jas pakalpojumus.\" \/>\n<meta property=\"og:url\" content=\"https:\/\/hidrozalajs.lv\/en\/privacy-policy\/\" \/>\n<meta property=\"og:site_name\" content=\"Apza\u013cumo\u0161anas pakalpojumi\" \/>\n<meta property=\"article:publisher\" content=\"https:\/\/www.facebook.com\/hidrozalajs\" \/>\n<meta property=\"article:modified_time\" content=\"2025-12-20T20:03:31+00:00\" \/>\n<meta property=\"og:image\" content=\"https:\/\/hidrozalajs.lv\/wp-content\/uploads\/2024\/02\/oqmzwnd3thu.jpg\" \/>\n\t<meta property=\"og:image:width\" content=\"1600\" \/>\n\t<meta property=\"og:image:height\" content=\"1068\" \/>\n\t<meta property=\"og:image:type\" content=\"image\/jpeg\" \/>\n<meta name=\"twitter:card\" content=\"summary_large_image\" \/>\n<meta name=\"twitter:label1\" content=\"Estimated reading time\" \/>\n\t<meta name=\"twitter:data1\" content=\"3 minutes\" \/>\n<script type=\"application\/ld+json\" class=\"yoast-schema-graph\">{\"@context\":\"https:\\\/\\\/schema.org\",\"@graph\":[{\"@type\":\"WebPage\",\"@id\":\"https:\\\/\\\/hidrozalajs.lv\\\/privacy-policy\\\/\",\"url\":\"https:\\\/\\\/hidrozalajs.lv\\\/privacy-policy\\\/\",\"name\":\"Priv\u0101tuma politika m\u016bsu vietn\u0113 - Apza\u013cumo\u0161anas pakalpojumi\",\"isPartOf\":{\"@id\":\"https:\\\/\\\/hidrozalajs.lv\\\/#website\"},\"primaryImageOfPage\":{\"@id\":\"https:\\\/\\\/hidrozalajs.lv\\\/privacy-policy\\\/#primaryimage\"},\"image\":{\"@id\":\"https:\\\/\\\/hidrozalajs.lv\\\/privacy-policy\\\/#primaryimage\"},\"thumbnailUrl\":\"https:\\\/\\\/hidrozalajs.lv\\\/wp-content\\\/uploads\\\/2024\\\/02\\\/privatuma-politika.jpg\",\"datePublished\":\"2024-02-12T15:24:56+00:00\",\"dateModified\":\"2025-12-20T20:03:31+00:00\",\"description\":\"Iepaz\u012bstieties ar m\u016bsu Priv\u0101tuma politika un uzziniet, k\u0101 m\u0113s apstr\u0101d\u0101jam datus un aizsarg\u0101jam J\u016bsu priv\u0101tumu.\",\"breadcrumb\":{\"@id\":\"https:\\\/\\\/hidrozalajs.lv\\\/privacy-policy\\\/#breadcrumb\"},\"inLanguage\":\"en-GB\",\"potentialAction\":[{\"@type\":\"ReadAction\",\"target\":[\"https:\\\/\\\/hidrozalajs.lv\\\/privacy-policy\\\/\"]}]},{\"@type\":\"ImageObject\",\"inLanguage\":\"en-GB\",\"@id\":\"https:\\\/\\\/hidrozalajs.lv\\\/privacy-policy\\\/#primaryimage\",\"url\":\"https:\\\/\\\/hidrozalajs.lv\\\/wp-content\\\/uploads\\\/2024\\\/02\\\/privatuma-politika.jpg\",\"contentUrl\":\"https:\\\/\\\/hidrozalajs.lv\\\/wp-content\\\/uploads\\\/2024\\\/02\\\/privatuma-politika.jpg\",\"width\":1600,\"height\":1068},{\"@type\":\"BreadcrumbList\",\"@id\":\"https:\\\/\\\/hidrozalajs.lv\\\/privacy-policy\\\/#breadcrumb\",\"itemListElement\":[{\"@type\":\"ListItem\",\"position\":1,\"name\":\"Home\",\"item\":\"https:\\\/\\\/hidrozalajs.lv\\\/\"},{\"@type\":\"ListItem\",\"position\":2,\"name\":\"Priv\u0101tuma politika\"}]},{\"@type\":\"WebSite\",\"@id\":\"https:\\\/\\\/hidrozalajs.lv\\\/#website\",\"url\":\"https:\\\/\\\/hidrozalajs.lv\\\/\",\"name\":\"HIDROZALAJS\",\"description\":\"VEIDOJAM ZA\u013b\u0100KAS AINAVAS\",\"publisher\":{\"@id\":\"https:\\\/\\\/hidrozalajs.lv\\\/#organization\"},\"potentialAction\":[{\"@type\":\"SearchAction\",\"target\":{\"@type\":\"EntryPoint\",\"urlTemplate\":\"https:\\\/\\\/hidrozalajs.lv\\\/?s={search_term_string}\"},\"query-input\":{\"@type\":\"PropertyValueSpecification\",\"valueRequired\":true,\"valueName\":\"search_term_string\"}}],\"inLanguage\":\"en-GB\"},{\"@type\":\"Organization\",\"@id\":\"https:\\\/\\\/hidrozalajs.lv\\\/#organization\",\"name\":\"HIDROZALAJS\",\"url\":\"https:\\\/\\\/hidrozalajs.lv\\\/\",\"logo\":{\"@type\":\"ImageObject\",\"inLanguage\":\"en-GB\",\"@id\":\"https:\\\/\\\/hidrozalajs.lv\\\/#\\\/schema\\\/logo\\\/image\\\/\",\"url\":\"https:\\\/\\\/hidrozalajs.lv\\\/wp-content\\\/uploads\\\/2024\\\/02\\\/hidrozalajs-logo.webp\",\"contentUrl\":\"https:\\\/\\\/hidrozalajs.lv\\\/wp-content\\\/uploads\\\/2024\\\/02\\\/hidrozalajs-logo.webp\",\"width\":2250,\"height\":1654,\"caption\":\"HIDROZALAJS\"},\"image\":{\"@id\":\"https:\\\/\\\/hidrozalajs.lv\\\/#\\\/schema\\\/logo\\\/image\\\/\"},\"sameAs\":[\"https:\\\/\\\/www.facebook.com\\\/hidrozalajs\"],\"description\":\"M\u0113s ra\u017eojam hidros\u0113jas materi\u0101lus un hidros\u0113jas iek\u0101rtas, k\u0101 ar\u012b sniedzam ainavu veido\u0161anas un hidros\u0113jas pakalpojumus.\",\"email\":\"info@hidrozalajs.lv\",\"telephone\":\"+37126262777\",\"legalName\":\"HIDROZ\u0100L\u0100JS, SIA\",\"foundingDate\":\"2024-04-11\",\"vatID\":\"LV40203554252\",\"taxID\":\"40203554252\",\"numberOfEmployees\":{\"@type\":\"QuantitativeValue\",\"minValue\":\"1\",\"maxValue\":\"10\"}}]}<\/script>\n<!-- \/ Yoast SEO Premium plugin. -->","yoast_head_json":{"title":"Privacy policy on our website - Landscaping services","description":"Read our Privacy Policy to learn how we process data and protect your privacy.","robots":{"index":"index","follow":"follow","max-snippet":"max-snippet:-1","max-image-preview":"max-image-preview:large","max-video-preview":"max-video-preview:-1"},"canonical":"https:\/\/hidrozalajs.lv\/en\/privacy-policy\/","og_locale":"en_GB","og_type":"article","og_title":"Priv\u0101tuma politika","og_description":"M\u0113s ra\u017eojam hidros\u0113jas materi\u0101lus un hidros\u0113jas iek\u0101rtas, k\u0101 ar\u012b sniedzam ainavu veido\u0161anas un hidros\u0113jas pakalpojumus.","og_url":"https:\/\/hidrozalajs.lv\/en\/privacy-policy\/","og_site_name":"Apza\u013cumo\u0161anas pakalpojumi","article_publisher":"https:\/\/www.facebook.com\/hidrozalajs","article_modified_time":"2025-12-20T20:03:31+00:00","og_image":[{"width":1600,"height":1068,"url":"https:\/\/hidrozalajs.lv\/wp-content\/uploads\/2024\/02\/oqmzwnd3thu.jpg","type":"image\/jpeg"}],"twitter_card":"summary_large_image","twitter_misc":{"Estimated reading time":"3 minutes"},"schema":{"@context":"https:\/\/schema.org","@graph":[{"@type":"WebPage","@id":"https:\/\/hidrozalajs.lv\/privacy-policy\/","url":"https:\/\/hidrozalajs.lv\/privacy-policy\/","name":"Privacy policy on our website - Landscaping services","isPartOf":{"@id":"https:\/\/hidrozalajs.lv\/#website"},"primaryImageOfPage":{"@id":"https:\/\/hidrozalajs.lv\/privacy-policy\/#primaryimage"},"image":{"@id":"https:\/\/hidrozalajs.lv\/privacy-policy\/#primaryimage"},"thumbnailUrl":"https:\/\/hidrozalajs.lv\/wp-content\/uploads\/2024\/02\/privatuma-politika.jpg","datePublished":"2024-02-12T15:24:56+00:00","dateModified":"2025-12-20T20:03:31+00:00","description":"Read our Privacy Policy to learn how we process data and protect your privacy.","breadcrumb":{"@id":"https:\/\/hidrozalajs.lv\/privacy-policy\/#breadcrumb"},"inLanguage":"en-GB","potentialAction":[{"@type":"ReadAction","target":["https:\/\/hidrozalajs.lv\/privacy-policy\/"]}]},{"@type":"ImageObject","inLanguage":"en-GB","@id":"https:\/\/hidrozalajs.lv\/privacy-policy\/#primaryimage","url":"https:\/\/hidrozalajs.lv\/wp-content\/uploads\/2024\/02\/privatuma-politika.jpg","contentUrl":"https:\/\/hidrozalajs.lv\/wp-content\/uploads\/2024\/02\/privatuma-politika.jpg","width":1600,"height":1068},{"@type":"BreadcrumbList","@id":"https:\/\/hidrozalajs.lv\/privacy-policy\/#breadcrumb","itemListElement":[{"@type":"ListItem","position":1,"name":"Home","item":"https:\/\/hidrozalajs.lv\/"},{"@type":"ListItem","position":2,"name":"Priv\u0101tuma politika"}]},{"@type":"WebSite","@id":"https:\/\/hidrozalajs.lv\/#website","url":"https:\/\/hidrozalajs.lv\/","name":"HYDROSALES","description":"Creating greener landscapes","publisher":{"@id":"https:\/\/hidrozalajs.lv\/#organization"},"potentialAction":[{"@type":"SearchAction","target":{"@type":"EntryPoint","urlTemplate":"https:\/\/hidrozalajs.lv\/?s={search_term_string}"},"query-input":{"@type":"PropertyValueSpecification","valueRequired":true,"valueName":"search_term_string"}}],"inLanguage":"en-GB"},{"@type":"Organization","@id":"https:\/\/hidrozalajs.lv\/#organization","name":"HYDROSALES","url":"https:\/\/hidrozalajs.lv\/","logo":{"@type":"ImageObject","inLanguage":"en-GB","@id":"https:\/\/hidrozalajs.lv\/#\/schema\/logo\/image\/","url":"https:\/\/hidrozalajs.lv\/wp-content\/uploads\/2024\/02\/hidrozalajs-logo.webp","contentUrl":"https:\/\/hidrozalajs.lv\/wp-content\/uploads\/2024\/02\/hidrozalajs-logo.webp","width":2250,"height":1654,"caption":"HIDROZALAJS"},"image":{"@id":"https:\/\/hidrozalajs.lv\/#\/schema\/logo\/image\/"},"sameAs":["https:\/\/www.facebook.com\/hidrozalajs"],"description":"We manufacture hydroseeding materials and hydroseeding equipment, and provide landscaping and hydroseeding services.","email":"info@hidrozalajs.lv","telephone":"+37126262777","legalName":"HIDROZ\u0100L\u0100JS, SIA","foundingDate":"2024-04-11","vatID":"LV40203554252","taxID":"40203554252","numberOfEmployees":{"@type":"QuantitativeValue","minValue":"1","maxValue":"10"}}]}},"_links":{"self":[{"href":"https:\/\/hidrozalajs.lv\/en\/wp-json\/wp\/v2\/pages\/3","targetHints":{"allow":["GET"]}}],"collection":[{"href":"https:\/\/hidrozalajs.lv\/en\/wp-json\/wp\/v2\/pages"}],"about":[{"href":"https:\/\/hidrozalajs.lv\/en\/wp-json\/wp\/v2\/types\/page"}],"author":[{"embeddable":true,"href":"https:\/\/hidrozalajs.lv\/en\/wp-json\/wp\/v2\/users\/1"}],"replies":[{"embeddable":true,"href":"https:\/\/hidrozalajs.lv\/en\/wp-json\/wp\/v2\/comments?post=3"}],"version-history":[{"count":8,"href":"https:\/\/hidrozalajs.lv\/en\/wp-json\/wp\/v2\/pages\/3\/revisions"}],"predecessor-version":[{"id":1103,"href":"https:\/\/hidrozalajs.lv\/en\/wp-json\/wp\/v2\/pages\/3\/revisions\/1103"}],"wp:featuredmedia":[{"embeddable":true,"href":"https:\/\/hidrozalajs.lv\/en\/wp-json\/wp\/v2\/media\/524"}],"wp:attachment":[{"href":"https:\/\/hidrozalajs.lv\/en\/wp-json\/wp\/v2\/media?parent=3"}],"curies":[{"name":"wp","href":"https:\/\/api.w.org\/{rel}","templated":true}]}}