{"id":45,"date":"2024-02-13T14:50:22","date_gmt":"2024-02-13T14:50:22","guid":{"rendered":"https:\/\/hidrozalajs.apgut.lv\/?page_id=45"},"modified":"2026-02-17T18:51:27","modified_gmt":"2026-02-17T16:51:27","slug":"kontakt","status":"publish","type":"page","link":"https:\/\/hidrozalajs.lv\/et\/kontakti\/","title":{"rendered":"Kontakt"},"content":{"rendered":"\n<main class=\"wp-block-group has-background has-global-padding is-layout-constrained wp-container-core-group-is-layout-40acdfd8 wp-block-group-is-layout-constrained\" style=\"background-color:#d8e0ce;margin-top:0px;margin-bottom:0px;padding-right:20px;padding-left:20px\">\n<div class=\"wp-block-group alignwide is-layout-flow wp-block-group-is-layout-flow\" style=\"padding-right:var(--wp--preset--spacing--40);padding-left:var(--wp--preset--spacing--40)\">\n<h1 class=\"wp-block-heading\" id=\"h-kontakti\" style=\"font-size:42px;letter-spacing:1px;text-transform:uppercase\">Kontakti<\/h1>\n<\/div>\n<\/main>\n\n\n\n<div class=\"wp-block-group has-global-padding is-layout-constrained wp-container-core-group-is-layout-530ec779 wp-block-group-is-layout-constrained\">\n<div class=\"wp-block-group is-layout-flow wp-block-group-is-layout-flow\" style=\"padding-top:var(--wp--preset--spacing--40);padding-right:var(--wp--preset--spacing--40);padding-bottom:var(--wp--preset--spacing--40);padding-left:var(--wp--preset--spacing--40)\">\n<div class=\"wp-block-columns is-layout-flex wp-container-core-columns-is-layout-28f84493 wp-block-columns-is-layout-flex\">\n<div class=\"wp-block-column is-layout-flow wp-block-column-is-layout-flow\" style=\"padding-right:var(--wp--preset--spacing--40);padding-left:var(--wp--preset--spacing--40)\">\n<div class=\"wp-block-group has-background is-layout-flow wp-block-group-is-layout-flow\" style=\"background-color:#d8e0ce;margin-top:var(--wp--preset--spacing--40);margin-bottom:var(--wp--preset--spacing--40);padding-top:var(--wp--preset--spacing--60);padding-right:var(--wp--preset--spacing--50);padding-bottom:var(--wp--preset--spacing--60);padding-left:var(--wp--preset--spacing--50)\">\n<h2 class=\"wp-block-heading has-large-font-size\" id=\"h-sazinaties-ar-hidrozalajs-sia\" style=\"line-height:1\">Sazin\u0101ties ar HIDROZ\u0100L\u0100JS, SIA<\/h2>\n\n\n<style>.cfcf7-block .wpcf7-text, .cfcf7-block .wpcf7-textarea, .cfcf7-block input[type='number'], .cfcf7-block .wpcf7-select, .cfcf7-block .wpcf7-date { background-color: #ffffff; border-radius: 0.5em;  line-height:1.4em!important; } .cfcf7-block .wpcf7-text, .cfcf7-block .wpcf7-textarea, .cfcf7-block input[type='number'], .cfcf7-block .wpcf7-select, .cfcf7-block .wpcf7-date { border: none; } .cfcf7-block .wpcf7-text:focus, .cfcf7-block .wpcf7-textarea:focus, .cfcf7-block input[type='number']:focus, .cfcf7-block .wpcf7-select:focus, .cfcf7-block .wpcf7-date:focus { outline-width: 1px; } .cfcf7-block .wpcf7-text:focus, .cfcf7-block .wpcf7-textarea:focus, .cfcf7-block input[type='number']:focus, .cfcf7-block .wpcf7-select:focus, .cfcf7-block .wpcf7-date:focus { outline-offset: 1px; } .cfcf7-block .wpcf7-text:focus, .cfcf7-block .wpcf7-textarea:focus, .cfcf7-block input[type='number']:focus, .cfcf7-block .wpcf7-select:focus, .cfcf7-block .wpcf7-date:focus { outline-color: #403B40; } .cfcf7-block .wpcf7-text, .cfcf7-block .wpcf7-textarea, .cfcf7-block input[type='number'], .cfcf7-block .wpcf7-select, .cfcf7-block .wpcf7-date{ box-shadow: 0em 0.1em 1em -0.9em #403b40 inset;} .wpcf7 label{ font-size:1.1em!important;}  .wpcf7 label{ font-weight:400!important;}  .wpcf7 label{ line-height:2em!important;}   .wpcf7 label, .wpcf7 form p a, .wpcf7 form p{ color: #8C8E98!important; } .wpcf7 label{ line-height: 2em;} .cfcf7-block .wpcf7-text, .cfcf7-block .wpcf7-textarea, .cfcf7-block input[type='number'], .cfcf7-block .wpcf7-select, .cfcf7-block .wpcf7-date{font-size:1em!important;}  .cfcf7-block .wpcf7-text, .cfcf7-block .wpcf7-textarea, .cfcf7-block input[type='number'], .cfcf7-block .wpcf7-select, .cfcf7-block .wpcf7-date{ color: #545054;} .wpcf7 ::placeholder{ color: #C9C9C9} .cfcf7-block .wpcf7-text, .cfcf7-block .wpcf7-textarea, .cfcf7-block input[type='number'], .cfcf7-block .wpcf7-select, .cfcf7-block .wpcf7-date{ padding: 0.6em 0.6em; } .wpcf7-submit, .wpcf7-submit-wrapper{ background: #52abb3!important; line-height:1.5em!important;} .cfcf7-block .wpcf7-submit{font-size:1em!important; }  .cfcf7-block .wpcf7-submit{ text-transform: capitalize!important; } .cfcf7-block .wpcf7-submit{ font-weight:400!important;}  .cfcf7-block .wpcf7-submit{color: white!important;}  .cfcf7-block .wpcf7-submit{padding-top:0.9em!important; padding-bottom:0.9em!important; }  .cfcf7-block .wpcf7-submit{padding-left:4em; padding-right:4em ; }  .cfcf7-block\r\n .wpcf7-submit{ width: 100%; } .cfcf7-block .wpcf7-submit{ border-radius: 0.5em!important;} .cfcf7-block .wpcf7-submit{ border: none;} .cfcf7-block .wpcf7-submit{box-shadow:0em 0.3em 1em -0.6em grey;} .cfcf7-block .wpcf7-submit:hover{box-shadow:none!important;} \r\n        @media only screen and (min-width: 361px) and (max-width: 780px) {\r\n            .cfcf7-block\r\n            { \r\n                font-size: 16px!important; \r\n                margin-top: 0em!important; \r\n                margin-left: 0em!important; \r\n                margin-right: 0em!important; \r\n                margin-bottom: 0em!important;\r\n                padding-top: 1.6em!important; \r\n                padding-left: 2.2em!important; \r\n                padding-right: 2.2em!important; \r\n                padding-bottom: 1.6em!important; \r\n            } \r\n            .cfcf7-block .wpcf7-submit{ width: 100%!important; \r\n        }} \r\n@media only screen and (max-width: 360px) {\r\n    .cfcf7-block\r\n{ \r\n                font-size: 16px!important; \r\n                margin-top: 1em!important; \r\n                margin-left: -0.5em!important; \r\n                margin-right: -0.5em!important; \r\n                margin-bottom: 1em!important;\r\n                padding-top: 2em!important; \r\n                padding-left: 1.5em!important; \r\n                padding-right: 1.5em!important; \r\n                padding-bottom: 2em!important; \r\n            } \r\n            .cfcf7-block .wpcf7-submit{ width: 100%!important; \r\n        }}<\/style><div class=\"cfcf7-block-container\"><div style=\"background-color:#d8e0ce; line-height: 1.4em!important; font-size:16px;  padding-top:1em; padding-left:0.5em; padding-right:0.5em; padding-bottom:1em; margin-top:0em; margin-left:0em; margin-right:0em; margin-bottom:0em; border-radius: 0em; box-shadow:none!important; border-color:black; \" class=\"cfcf7-block wp-block-mofistudio-customizer-block-cf7\">\n<div class=\"wpcf7 no-js\" id=\"wpcf7-f4-o1\" lang=\"lv\" dir=\"ltr\" data-wpcf7-id=\"4\">\n<div class=\"screen-reader-response\"><p role=\"status\" aria-live=\"polite\" aria-atomic=\"true\"><\/p> <ul><\/ul><\/div>\n<form action=\"\/et\/wp-json\/wp\/v2\/pages\/45#wpcf7-f4-o1\" method=\"post\" class=\"wpcf7-form init\" aria-label=\"Contact form\" novalidate=\"novalidate\" data-status=\"init\">\n<fieldset class=\"hidden-fields-container\"><input type=\"hidden\" name=\"_wpcf7\" value=\"4\" \/><input type=\"hidden\" name=\"_wpcf7_version\" value=\"6.1.5\" \/><input type=\"hidden\" name=\"_wpcf7_locale\" value=\"lv\" \/><input type=\"hidden\" name=\"_wpcf7_unit_tag\" value=\"wpcf7-f4-o1\" \/><input type=\"hidden\" name=\"_wpcf7_container_post\" value=\"0\" \/><input type=\"hidden\" name=\"_wpcf7_posted_data_hash\" value=\"\" \/><input type=\"hidden\" name=\"_wpcf7_recaptcha_response\" value=\"\" \/>\n<\/fieldset>\n<p><label> J\u016bsu v\u0101rds<br \/>\n<span class=\"wpcf7-form-control-wrap\" data-name=\"your-name\"><input size=\"40\" maxlength=\"400\" class=\"wpcf7-form-control wpcf7-text wpcf7-validates-as-required\" autocomplete=\"name\" aria-required=\"true\" aria-invalid=\"false\" value=\"\" type=\"text\" name=\"your-name\" \/><\/span> <\/label>\n<\/p>\n<p><label> J\u016bsu epasts<br \/>\n<span class=\"wpcf7-form-control-wrap\" data-name=\"your-email\"><input size=\"40\" maxlength=\"400\" class=\"wpcf7-form-control wpcf7-email wpcf7-validates-as-required wpcf7-text wpcf7-validates-as-email\" autocomplete=\"email\" aria-required=\"true\" aria-invalid=\"false\" value=\"\" type=\"email\" name=\"your-email\" \/><\/span> <\/label>\n<\/p>\n<p><label> T\u0101lr. nr.<br \/>\n<span class=\"wpcf7-form-control-wrap\" data-name=\"your-phone\"><input size=\"40\" maxlength=\"400\" class=\"wpcf7-form-control wpcf7-tel wpcf7-validates-as-required wpcf7-text wpcf7-validates-as-tel\" aria-required=\"true\" aria-invalid=\"false\" value=\"\" type=\"tel\" name=\"your-phone\" \/><\/span> <\/label>\n<\/p>\n<p><label> J\u016bsu zi\u0146a (optional)<br \/>\n<span class=\"wpcf7-form-control-wrap\" data-name=\"your-message\"><textarea cols=\"40\" rows=\"10\" maxlength=\"2000\" class=\"wpcf7-form-control wpcf7-textarea\" aria-invalid=\"false\" name=\"your-message\"><\/textarea><\/span> <\/label>\n<\/p>\n<p><input class=\"wpcf7-form-control wpcf7-submit has-spinner\" type=\"submit\" value=\"Nos\u016bt\u012bt\" \/>\n<\/p>\n<p>\u0160o vietni aizsarg\u0101 reCAPTCHA un Google<br \/>\n<a href=\"https:\/\/policies.google.com\/privacy\">Konfidencialit\u0101tes politika<\/a> un<br \/>\nTiek piem\u0113roti <a href=\"https:\/\/policies.google.com\/terms\">pakalpojuma noteikumi<\/a>.\n<\/p><div class=\"wpcf7-response-output\" aria-hidden=\"true\"><\/div>\n<\/form>\n<\/div>\n<\/div><\/div><\/div>\n<\/div>\n\n\n\n<div class=\"wp-block-column is-layout-flow wp-block-column-is-layout-flow\">\n<div class=\"wp-block-group has-background is-layout-flow wp-block-group-is-layout-flow\" style=\"background-color:#f2f0e9;margin-top:var(--wp--preset--spacing--40);margin-bottom:var(--wp--preset--spacing--40);padding-top:var(--wp--preset--spacing--60);padding-right:var(--wp--preset--spacing--50);padding-bottom:var(--wp--preset--spacing--60);padding-left:var(--wp--preset--spacing--50)\">\n<h2 class=\"wp-block-heading has-large-font-size\" id=\"h-rekviziti\" style=\"line-height:1\">Rekviz\u012bti<\/h2>\n\n\n\n<p id=\"h-hidrozalajs-sia\">HIDROZ\u0100L\u0100JS, SIA<\/p>\n\n\n\n<p id=\"h-reg-nr-40203554252\">Re\u0123.Nr. 40203554252<\/p>\n\n\n\n<p id=\"h-pvn-nr-lv40203554252\">PVN Nr.LV40203554252<\/p>\n\n\n\n<p id=\"h-stacijas-iela-19a-stende-talsu-nov-lv-3257\"><a href=\"https:\/\/www.google.com\/maps\/place\/Stacijas+iela+19A,+Stende,+Stendes+pils%C4%93ta,+Talsu+novads,+LV-3257\/@57.1450983,22.5440339,17z\/data=!3m1!4b1!4m6!3m5!1s0x46ee35fa18b3bb99:0x6ccf4e6095c38f64!8m2!3d57.1450954!4d22.5466088!16s%2Fg%2F11gs8jpzbw?entry=ttu&amp;g_ep=EgoyMDI1MDIxOS4xIKXMDSoASAFQAw%3D%3D\">Stacijas iela 19A, Stende, Talsu nov., LV-3257<\/a><\/p>\n\n\n\n<h2 class=\"wp-block-heading has-large-font-size\" id=\"h-kontakti-0\" style=\"line-height:1\">Kontakti<\/h2>\n\n\n\n<p>+371 26 262 777<\/p>\n\n\n\n<p><a href=\"mailto:info@hidrozalajs.lv\" target=\"_blank\" rel=\"noreferrer noopener\">info@hidrozalajs.lv<\/a><\/p>\n<\/div>\n\n\n\t\t<div\n            id=\"wpmapblock_e5a03944\"\n            data-settings='{&quot;map_marker&quot;:[{&quot;id&quot;:&quot;&quot;,&quot;lat&quot;:&quot;57.1450745&quot;,&quot;lng&quot;:&quot;22.54658672180908&quot;,&quot;title&quot;:&quot;&quot;,&quot;content&quot;:&quot;&quot;,&quot;iconType&quot;:&quot;default&quot;,&quot;customIconUrl&quot;:&quot;&quot;,&quot;customIconWidth&quot;:&quot;25&quot;,&quot;customIconHeight&quot;:&quot;40&quot;}],&quot;map_zoom&quot;:&quot;14&quot;,&quot;scroll_wheel_zoom&quot;:false,&quot;map_type&quot;:&quot;OSM&quot;,&quot;center_index&quot;:0}'\n            class=\"wpmapblockrender\"\n            style=\"\n\t\t\twidth: 100%;\n\t\t\theight: 500px;\n\t\t\"\n            >\n        <\/div>\n        <\/div>\n<\/div>\n<\/div>\n<\/div>\n\n\n\n<div class=\"wp-block-group has-background has-global-padding is-layout-constrained wp-container-core-group-is-layout-3b0f2f7d wp-block-group-is-layout-constrained\" style=\"background-color:#f2f0e9;padding-right:20px;padding-left:20px\">\n<div class=\"wp-block-group alignwide is-layout-flow wp-block-group-is-layout-flow\" style=\"padding-right:var(--wp--preset--spacing--40);padding-left:var(--wp--preset--spacing--40)\">\n<div style=\"height:70px\" aria-hidden=\"true\" class=\"wp-block-spacer\"><\/div>\n\n\n\n<div class=\"wp-block-columns alignwide are-vertically-aligned-center is-layout-flex wp-container-core-columns-is-layout-e79f3c8e wp-block-columns-is-layout-flex\" style=\"padding-right:0;padding-left:0\">\n<div class=\"wp-block-column is-layout-flow wp-block-column-is-layout-flow\" style=\"padding-right:0;padding-left:0;flex-basis:50%\">\n<h2 class=\"wp-block-heading has-text-color has-dosis-font-family\" id=\"h-par-mums\" style=\"color:#000000;margin-top:0;padding-top:0;padding-right:0;padding-bottom:var(--wp--preset--spacing--40);padding-left:0;font-size:30px\"><strong>Par mums<\/strong><\/h2>\n<\/div>\n\n\n\n<div class=\"wp-block-column is-layout-flow wp-block-column-is-layout-flow\" style=\"flex-basis:50%\">\n<hr class=\"wp-block-separator has-text-color has-css-opacity has-background is-style-wide block-visibility-hide-small-screen\" style=\"background-color:#000000;color:#000000\"\/>\n<\/div>\n<\/div>\n\n\n\n<div class=\"wp-block-columns alignwide are-vertically-aligned-center is-layout-flex wp-container-core-columns-is-layout-e79f3c8e wp-block-columns-is-layout-flex\" style=\"padding-right:0;padding-left:0\">\n<div class=\"wp-block-column is-layout-flow wp-container-core-column-is-layout-0390f29b wp-block-column-is-layout-flow\" style=\"padding-right:0;padding-left:0;flex-basis:50%\">\n<p><strong>HIDROZ\u0100L\u0100JS<\/strong> ir uz\u0146\u0113mums, kas veido za\u013c\u0101kas un ilgtsp\u0113j\u012bg\u0101kas ainavas, ra\u017eojot kvalitat\u012bvus hidros\u0113\u0161anas materi\u0101lus, hidros\u0113\u0161anas iek\u0101rtas, k\u0101 ar\u012b sniedzot profesion\u0101lus apza\u013cumo\u0161anas un hidros\u0113\u0161anas pakalpojumus.<\/p>\n\n\n\n<p>M\u016bsu komandas darb\u012bbas pamat\u0101 ir vair\u0101k nek\u0101 desmit gadu pieredze apza\u013cumo\u0161anas pakalpojumu snieg\u0161an\u0101. Esam uz\u0146\u0113mumus, kas ra\u017eo materi\u0101lus un iek\u0101rtas hidros\u0113\u0161anai, kurus izmanto gan za\u013co jumtu ier\u012bko\u0161anai, gan ce\u013cu un nog\u0101\u017eu apza\u013cumo\u0161anai, gan priv\u0101tajos un industri\u0101lajos objektos.<\/p>\n<\/div>\n\n\n\n<div class=\"wp-block-column is-layout-flow wp-container-core-column-is-layout-f5bb311e wp-block-column-is-layout-flow\" style=\"flex-basis:50%\">\n<p>M\u0113s izmantojam augstas kvalit\u0101tes materi\u0101lus, kuru priek\u0161roc\u012bbas esam p\u0101rbaud\u012bju\u0161i praks\u0113. M\u016bsu ra\u017eotie hidros\u0113\u0161anas materi\u0101li nodro\u0161ina \u0101tr\u0101ku d\u012bgtsp\u0113ju, lab\u0101ku mitruma notur\u012bbu un ilgsto\u0161i stabilus rezult\u0101tus da\u017e\u0101dos reljefos un klimatiskajos apst\u0101k\u013cos.<\/p>\n\n\n\n<p>M\u016bsu ra\u017eotie materi\u0101li un iek\u0101rtas ir piepras\u012btas vis\u0101 Eirop\u0101 \u2013 tos izv\u0113las uz\u0146\u0113mumi Skandin\u0101vij\u0101, Baltij\u0101, Centr\u0101leirop\u0101 un Dienvideirop\u0101. Paral\u0113li turpin\u0101m pilnveidot ra\u017eo\u0161anas tehnolo\u0123ijas, lai klientiem nodro\u0161in\u0101tu arvien efekt\u012bv\u0101kus risin\u0101jumus.<\/p>\n\n\n\n<p>M\u016bsu m\u0113r\u0137is ir b\u016bt uzticamam partnerim, kas pal\u012bdz veidot za\u013c\u0101ku, skaist\u0101ku un ilgtsp\u0113j\u012bg\u0101ku vidi.<\/p>\n<\/div>\n<\/div>\n\n\n\n<div style=\"height:40px\" aria-hidden=\"true\" class=\"wp-block-spacer\"><\/div>\n<\/div>\n\n\n\n<figure class=\"wp-block-embed is-type-video is-provider-youtube wp-block-embed-youtube wp-embed-aspect-16-9 wp-has-aspect-ratio\"><div class=\"wp-block-embed__wrapper\">\n<iframe loading=\"lazy\" title=\"Hydroseeding with HIDROZALAJS\" width=\"500\" height=\"281\" src=\"https:\/\/www.youtube.com\/embed\/_rVr2pyiKkY?feature=oembed\" frameborder=\"0\" allow=\"accelerometer; autoplay; clipboard-write; encrypted-media; gyroscope; picture-in-picture; web-share\" referrerpolicy=\"strict-origin-when-cross-origin\" allowfullscreen><\/iframe>\n<\/div><\/figure>\n<\/div>\n\n\n\n<p><\/p>\n","protected":false},"excerpt":{"rendered":"<p>Kontakti Sazin\u0101ties ar HIDROZ\u0100L\u0100JS, SIA Rekviz\u012bti HIDROZ\u0100L\u0100JS, SIA Re\u0123.Nr. 40203554252 PVN Nr.LV40203554252 Stacijas iela 19A, Stende, Talsu nov., LV-3257 Kontakti +371 26 262 777 info@hidrozalajs.lv Par mums HIDROZ\u0100L\u0100JS ir uz\u0146\u0113mums, kas veido za\u013c\u0101kas un ilgtsp\u0113j\u012bg\u0101kas ainavas, ra\u017eojot kvalitat\u012bvus hidros\u0113\u0161anas materi\u0101lus, hidros\u0113\u0161anas iek\u0101rtas, k\u0101 ar\u012b sniedzot profesion\u0101lus apza\u013cumo\u0161anas un hidros\u0113\u0161anas pakalpojumus. M\u016bsu komandas darb\u012bbas pamat\u0101 ir [&hellip;]<\/p>\n","protected":false},"author":1,"featured_media":1027,"parent":0,"menu_order":0,"comment_status":"closed","ping_status":"closed","template":"","meta":{"footnotes":""},"class_list":["post-45","page","type-page","status-publish","has-post-thumbnail","hentry"],"yoast_head":"<!-- This site is optimized with the Yoast SEO Premium plugin v27.4 (Yoast SEO v27.4) - https:\/\/yoast.com\/product\/yoast-seo-premium-wordpress\/ -->\n<title>Kontakti<\/title>\n<meta name=\"description\" content=\"Kontakti m\u0101jaslap\u0101. Sazinies ar mums! Nodro\u0161in\u0101sim ilgtsp\u0113j\u012bgus risin\u0101jumus priv\u0101tajiem un industri\u0101lajiem objektiem.\" \/>\n<meta name=\"robots\" content=\"index, follow, max-snippet:-1, max-image-preview:large, max-video-preview:-1\" \/>\n<link rel=\"canonical\" href=\"https:\/\/hidrozalajs.lv\/et\/kontakt\/\" \/>\n<meta property=\"og:locale\" content=\"et_EE\" \/>\n<meta property=\"og:type\" content=\"article\" \/>\n<meta property=\"og:title\" content=\"Kontakti\" \/>\n<meta property=\"og:description\" content=\"M\u0113s ra\u017eojam hidros\u0113jas materi\u0101lus un hidros\u0113jas iek\u0101rtas, k\u0101 ar\u012b sniedzam ainavu veido\u0161anas un hidros\u0113jas pakalpojumus.\" \/>\n<meta property=\"og:url\" content=\"https:\/\/hidrozalajs.lv\/et\/kontakt\/\" \/>\n<meta property=\"og:site_name\" content=\"Apza\u013cumo\u0161anas pakalpojumi\" \/>\n<meta property=\"article:publisher\" content=\"https:\/\/www.facebook.com\/hidrozalajs\" \/>\n<meta property=\"article:modified_time\" content=\"2026-02-17T16:51:27+00:00\" \/>\n<meta property=\"og:image\" content=\"https:\/\/hidrozalajs.lv\/wp-content\/uploads\/2024\/02\/privatuma-politika.jpg\" \/>\n\t<meta property=\"og:image:width\" content=\"1600\" \/>\n\t<meta property=\"og:image:height\" content=\"1068\" \/>\n\t<meta property=\"og:image:type\" content=\"image\/jpeg\" \/>\n<meta name=\"twitter:card\" content=\"summary_large_image\" \/>\n<meta name=\"twitter:label1\" content=\"Est. reading time\" \/>\n\t<meta name=\"twitter:data1\" content=\"2 minutit\" \/>\n<script type=\"application\/ld+json\" class=\"yoast-schema-graph\">{\"@context\":\"https:\\\/\\\/schema.org\",\"@graph\":[{\"@type\":\"WebPage\",\"@id\":\"https:\\\/\\\/hidrozalajs.lv\\\/kontakti\\\/\",\"url\":\"https:\\\/\\\/hidrozalajs.lv\\\/kontakti\\\/\",\"name\":\"Kontakti\",\"isPartOf\":{\"@id\":\"https:\\\/\\\/hidrozalajs.lv\\\/#website\"},\"primaryImageOfPage\":{\"@id\":\"https:\\\/\\\/hidrozalajs.lv\\\/kontakti\\\/#primaryimage\"},\"image\":{\"@id\":\"https:\\\/\\\/hidrozalajs.lv\\\/kontakti\\\/#primaryimage\"},\"thumbnailUrl\":\"https:\\\/\\\/hidrozalajs.lv\\\/wp-content\\\/uploads\\\/2025\\\/10\\\/hidrosejas-rezultats-nogaze.jpeg\",\"datePublished\":\"2024-02-13T14:50:22+00:00\",\"dateModified\":\"2026-02-17T16:51:27+00:00\",\"description\":\"Kontakti m\u0101jaslap\u0101. Sazinies ar mums! Nodro\u0161in\u0101sim ilgtsp\u0113j\u012bgus risin\u0101jumus priv\u0101tajiem un industri\u0101lajiem objektiem.\",\"breadcrumb\":{\"@id\":\"https:\\\/\\\/hidrozalajs.lv\\\/kontakti\\\/#breadcrumb\"},\"inLanguage\":\"et\",\"potentialAction\":[{\"@type\":\"ReadAction\",\"target\":[\"https:\\\/\\\/hidrozalajs.lv\\\/kontakti\\\/\"]}]},{\"@type\":\"ImageObject\",\"inLanguage\":\"et\",\"@id\":\"https:\\\/\\\/hidrozalajs.lv\\\/kontakti\\\/#primaryimage\",\"url\":\"https:\\\/\\\/hidrozalajs.lv\\\/wp-content\\\/uploads\\\/2025\\\/10\\\/hidrosejas-rezultats-nogaze.jpeg\",\"contentUrl\":\"https:\\\/\\\/hidrozalajs.lv\\\/wp-content\\\/uploads\\\/2025\\\/10\\\/hidrosejas-rezultats-nogaze.jpeg\",\"width\":1580,\"height\":2560,\"caption\":\"Hidros\u0113\u0161anas rezult\u0101ts ce\u013ca nog\u0101z\u0113 Latvij\u0101\"},{\"@type\":\"BreadcrumbList\",\"@id\":\"https:\\\/\\\/hidrozalajs.lv\\\/kontakti\\\/#breadcrumb\",\"itemListElement\":[{\"@type\":\"ListItem\",\"position\":1,\"name\":\"Home\",\"item\":\"https:\\\/\\\/hidrozalajs.lv\\\/\"},{\"@type\":\"ListItem\",\"position\":2,\"name\":\"Kontakti\"}]},{\"@type\":\"WebSite\",\"@id\":\"https:\\\/\\\/hidrozalajs.lv\\\/#website\",\"url\":\"https:\\\/\\\/hidrozalajs.lv\\\/\",\"name\":\"HIDROZALAJS\",\"description\":\"VEIDOJAM ZA\u013b\u0100KAS AINAVAS\",\"publisher\":{\"@id\":\"https:\\\/\\\/hidrozalajs.lv\\\/#organization\"},\"potentialAction\":[{\"@type\":\"SearchAction\",\"target\":{\"@type\":\"EntryPoint\",\"urlTemplate\":\"https:\\\/\\\/hidrozalajs.lv\\\/?s={search_term_string}\"},\"query-input\":{\"@type\":\"PropertyValueSpecification\",\"valueRequired\":true,\"valueName\":\"search_term_string\"}}],\"inLanguage\":\"et\"},{\"@type\":\"Organization\",\"@id\":\"https:\\\/\\\/hidrozalajs.lv\\\/#organization\",\"name\":\"HIDROZALAJS\",\"url\":\"https:\\\/\\\/hidrozalajs.lv\\\/\",\"logo\":{\"@type\":\"ImageObject\",\"inLanguage\":\"et\",\"@id\":\"https:\\\/\\\/hidrozalajs.lv\\\/#\\\/schema\\\/logo\\\/image\\\/\",\"url\":\"https:\\\/\\\/hidrozalajs.lv\\\/wp-content\\\/uploads\\\/2024\\\/02\\\/hidrozalajs-logo.webp\",\"contentUrl\":\"https:\\\/\\\/hidrozalajs.lv\\\/wp-content\\\/uploads\\\/2024\\\/02\\\/hidrozalajs-logo.webp\",\"width\":2250,\"height\":1654,\"caption\":\"HIDROZALAJS\"},\"image\":{\"@id\":\"https:\\\/\\\/hidrozalajs.lv\\\/#\\\/schema\\\/logo\\\/image\\\/\"},\"sameAs\":[\"https:\\\/\\\/www.facebook.com\\\/hidrozalajs\"],\"description\":\"M\u0113s ra\u017eojam hidros\u0113jas materi\u0101lus un hidros\u0113jas iek\u0101rtas, k\u0101 ar\u012b sniedzam ainavu veido\u0161anas un hidros\u0113jas pakalpojumus.\",\"email\":\"info@hidrozalajs.lv\",\"telephone\":\"+37126262777\",\"legalName\":\"HIDROZ\u0100L\u0100JS, SIA\",\"foundingDate\":\"2024-04-11\",\"vatID\":\"LV40203554252\",\"taxID\":\"40203554252\",\"numberOfEmployees\":{\"@type\":\"QuantitativeValue\",\"minValue\":\"1\",\"maxValue\":\"10\"}}]}<\/script>\n<!-- \/ Yoast SEO Premium plugin. -->","yoast_head_json":{"title":"Kontakt","description":"Kontaktid veebilehel. V\u00f5tke meiega \u00fchendust! Pakume j\u00e4tkusuutlikke lahendusi era- ja t\u00f6\u00f6stushoonetele.","robots":{"index":"index","follow":"follow","max-snippet":"max-snippet:-1","max-image-preview":"max-image-preview:large","max-video-preview":"max-video-preview:-1"},"canonical":"https:\/\/hidrozalajs.lv\/et\/kontakt\/","og_locale":"et_EE","og_type":"article","og_title":"Kontakti","og_description":"M\u0113s ra\u017eojam hidros\u0113jas materi\u0101lus un hidros\u0113jas iek\u0101rtas, k\u0101 ar\u012b sniedzam ainavu veido\u0161anas un hidros\u0113jas pakalpojumus.","og_url":"https:\/\/hidrozalajs.lv\/et\/kontakt\/","og_site_name":"Apza\u013cumo\u0161anas pakalpojumi","article_publisher":"https:\/\/www.facebook.com\/hidrozalajs","article_modified_time":"2026-02-17T16:51:27+00:00","og_image":[{"width":1600,"height":1068,"url":"https:\/\/hidrozalajs.lv\/wp-content\/uploads\/2024\/02\/privatuma-politika.jpg","type":"image\/jpeg"}],"twitter_card":"summary_large_image","twitter_misc":{"Est. reading time":"2 minutit"},"schema":{"@context":"https:\/\/schema.org","@graph":[{"@type":"WebPage","@id":"https:\/\/hidrozalajs.lv\/kontakti\/","url":"https:\/\/hidrozalajs.lv\/kontakti\/","name":"Kontakt","isPartOf":{"@id":"https:\/\/hidrozalajs.lv\/#website"},"primaryImageOfPage":{"@id":"https:\/\/hidrozalajs.lv\/kontakti\/#primaryimage"},"image":{"@id":"https:\/\/hidrozalajs.lv\/kontakti\/#primaryimage"},"thumbnailUrl":"https:\/\/hidrozalajs.lv\/wp-content\/uploads\/2025\/10\/hidrosejas-rezultats-nogaze.jpeg","datePublished":"2024-02-13T14:50:22+00:00","dateModified":"2026-02-17T16:51:27+00:00","description":"Kontaktid veebilehel. V\u00f5tke meiega \u00fchendust! Pakume j\u00e4tkusuutlikke lahendusi era- ja t\u00f6\u00f6stushoonetele.","breadcrumb":{"@id":"https:\/\/hidrozalajs.lv\/kontakti\/#breadcrumb"},"inLanguage":"et","potentialAction":[{"@type":"ReadAction","target":["https:\/\/hidrozalajs.lv\/kontakti\/"]}]},{"@type":"ImageObject","inLanguage":"et","@id":"https:\/\/hidrozalajs.lv\/kontakti\/#primaryimage","url":"https:\/\/hidrozalajs.lv\/wp-content\/uploads\/2025\/10\/hidrosejas-rezultats-nogaze.jpeg","contentUrl":"https:\/\/hidrozalajs.lv\/wp-content\/uploads\/2025\/10\/hidrosejas-rezultats-nogaze.jpeg","width":1580,"height":2560,"caption":"Hidros\u0113\u0161anas rezult\u0101ts ce\u013ca nog\u0101z\u0113 Latvij\u0101"},{"@type":"BreadcrumbList","@id":"https:\/\/hidrozalajs.lv\/kontakti\/#breadcrumb","itemListElement":[{"@type":"ListItem","position":1,"name":"Home","item":"https:\/\/hidrozalajs.lv\/"},{"@type":"ListItem","position":2,"name":"Kontakti"}]},{"@type":"WebSite","@id":"https:\/\/hidrozalajs.lv\/#website","url":"https:\/\/hidrozalajs.lv\/","name":"HYDROSALES","description":"Loome rohelisemaid maastikke","publisher":{"@id":"https:\/\/hidrozalajs.lv\/#organization"},"potentialAction":[{"@type":"SearchAction","target":{"@type":"EntryPoint","urlTemplate":"https:\/\/hidrozalajs.lv\/?s={search_term_string}"},"query-input":{"@type":"PropertyValueSpecification","valueRequired":true,"valueName":"search_term_string"}}],"inLanguage":"et"},{"@type":"Organization","@id":"https:\/\/hidrozalajs.lv\/#organization","name":"HYDROSALES","url":"https:\/\/hidrozalajs.lv\/","logo":{"@type":"ImageObject","inLanguage":"et","@id":"https:\/\/hidrozalajs.lv\/#\/schema\/logo\/image\/","url":"https:\/\/hidrozalajs.lv\/wp-content\/uploads\/2024\/02\/hidrozalajs-logo.webp","contentUrl":"https:\/\/hidrozalajs.lv\/wp-content\/uploads\/2024\/02\/hidrozalajs-logo.webp","width":2250,"height":1654,"caption":"HIDROZALAJS"},"image":{"@id":"https:\/\/hidrozalajs.lv\/#\/schema\/logo\/image\/"},"sameAs":["https:\/\/www.facebook.com\/hidrozalajs"],"description":"Valmistame h\u00fcdrok\u00fclvimaterjale ja h\u00fcdrok\u00fclviseadmeid ning pakume maastikukujundus- ja h\u00fcdrok\u00fclviteenuseid.","email":"info@hidrozalajs.lv","telephone":"+37126262777","legalName":"HIDROZ\u0100L\u0100JS, SIA","foundingDate":"2024-04-11","vatID":"LV40203554252","taxID":"40203554252","numberOfEmployees":{"@type":"QuantitativeValue","minValue":"1","maxValue":"10"}}]}},"_links":{"self":[{"href":"https:\/\/hidrozalajs.lv\/et\/wp-json\/wp\/v2\/pages\/45","targetHints":{"allow":["GET"]}}],"collection":[{"href":"https:\/\/hidrozalajs.lv\/et\/wp-json\/wp\/v2\/pages"}],"about":[{"href":"https:\/\/hidrozalajs.lv\/et\/wp-json\/wp\/v2\/types\/page"}],"author":[{"embeddable":true,"href":"https:\/\/hidrozalajs.lv\/et\/wp-json\/wp\/v2\/users\/1"}],"replies":[{"embeddable":true,"href":"https:\/\/hidrozalajs.lv\/et\/wp-json\/wp\/v2\/comments?post=45"}],"version-history":[{"count":93,"href":"https:\/\/hidrozalajs.lv\/et\/wp-json\/wp\/v2\/pages\/45\/revisions"}],"predecessor-version":[{"id":1633,"href":"https:\/\/hidrozalajs.lv\/et\/wp-json\/wp\/v2\/pages\/45\/revisions\/1633"}],"wp:featuredmedia":[{"embeddable":true,"href":"https:\/\/hidrozalajs.lv\/et\/wp-json\/wp\/v2\/media\/1027"}],"wp:attachment":[{"href":"https:\/\/hidrozalajs.lv\/et\/wp-json\/wp\/v2\/media?parent=45"}],"curies":[{"name":"wp","href":"https:\/\/api.w.org\/{rel}","templated":true}]}}